{"id":2548,"date":"2020-06-17T22:52:48","date_gmt":"2020-06-17T20:52:48","guid":{"rendered":"https:\/\/andaluzademieles.com\/?page_id=2548"},"modified":"2020-06-19T13:56:01","modified_gmt":"2020-06-19T11:56:01","slug":"blossom-honey-with-cut-combs-500g-glass-jar","status":"publish","type":"page","link":"https:\/\/andaluzademieles.com\/en\/doray-honey\/blossom-honey-with-cut-combs-500g-glass-jar\/","title":{"rendered":"Blossom Honey with cut combs 500g Glass Jar"},"content":{"rendered":"\t\t<div data-elementor-type=\"wp-post\" data-elementor-id=\"2548\" class=\"elementor elementor-2548 elementor-1957\" data-elementor-post-type=\"page\">\n\t\t\t\t\t\t<section class=\"elementor-section elementor-top-section elementor-element elementor-element-17fbfc87 elementor-section-stretched elementor-section-boxed elementor-section-height-default elementor-section-height-default\" data-id=\"17fbfc87\" data-element_type=\"section\" data-e-type=\"section\" data-settings=\"{&quot;background_background&quot;:&quot;classic&quot;,&quot;stretch_section&quot;:&quot;section-stretched&quot;}\">\n\t\t\t\t\t\t<div class=\"elementor-container elementor-column-gap-default\">\n\t\t\t\t\t<div class=\"elementor-column elementor-col-100 elementor-top-column elementor-element elementor-element-495d5e88\" data-id=\"495d5e88\" data-element_type=\"column\" data-e-type=\"column\">\n\t\t\t<div class=\"elementor-widget-wrap elementor-element-populated\">\n\t\t\t\t\t\t<div class=\"elementor-element elementor-element-6b7a4827 elementor-widget elementor-widget-heading\" data-id=\"6b7a4827\" data-element_type=\"widget\" data-e-type=\"widget\" data-widget_type=\"heading.default\">\n\t\t\t\t<div class=\"elementor-widget-container\">\n\t\t\t\t\t<h2 class=\"elementor-heading-title elementor-size-default\"><span style=\"color:#ffffff\">DORAY  | honeycomb homey<\/span><\/h2>\t\t\t\t<\/div>\n\t\t\t\t<\/div>\n\t\t\t\t\t<\/div>\n\t\t<\/div>\n\t\t\t\t\t<\/div>\n\t\t<\/section>\n\t\t\t\t<section class=\"elementor-section elementor-top-section elementor-element elementor-element-4bac3c1a elementor-section-boxed elementor-section-height-default elementor-section-height-default\" data-id=\"4bac3c1a\" data-element_type=\"section\" data-e-type=\"section\">\n\t\t\t\t\t\t<div class=\"elementor-container elementor-column-gap-wider\">\n\t\t\t\t\t<div class=\"elementor-column elementor-col-50 elementor-top-column elementor-element elementor-element-4ca04816\" data-id=\"4ca04816\" data-element_type=\"column\" data-e-type=\"column\">\n\t\t\t<div class=\"elementor-widget-wrap elementor-element-populated\">\n\t\t\t\t\t\t<div class=\"elementor-element elementor-element-2bfb232a elementor-widget elementor-widget-image\" data-id=\"2bfb232a\" data-element_type=\"widget\" data-e-type=\"widget\" data-widget_type=\"image.default\">\n\t\t\t\t<div class=\"elementor-widget-container\">\n\t\t\t\t\t\t\t\t\t\t\t\t\t\t\t<img fetchpriority=\"high\" decoding=\"async\" width=\"1000\" height=\"822\" src=\"https:\/\/andaluzademieles.com\/wp-content\/uploads\/2019\/07\/doray-miel-trozos-panal-500g-1.jpg\" class=\"attachment-full size-full wp-image-1853\" alt=\"\" srcset=\"https:\/\/andaluzademieles.com\/wp-content\/uploads\/2019\/07\/doray-miel-trozos-panal-500g-1.jpg 1000w, https:\/\/andaluzademieles.com\/wp-content\/uploads\/2019\/07\/doray-miel-trozos-panal-500g-1-300x247.jpg 300w, https:\/\/andaluzademieles.com\/wp-content\/uploads\/2019\/07\/doray-miel-trozos-panal-500g-1-768x631.jpg 768w\" sizes=\"(max-width: 1000px) 100vw, 1000px\" \/>\t\t\t\t\t\t\t\t\t\t\t\t\t\t\t<\/div>\n\t\t\t\t<\/div>\n\t\t\t\t\t<\/div>\n\t\t<\/div>\n\t\t\t\t<div class=\"elementor-column elementor-col-50 elementor-top-column elementor-element elementor-element-5ae3e87a\" data-id=\"5ae3e87a\" data-element_type=\"column\" data-e-type=\"column\">\n\t\t\t<div class=\"elementor-widget-wrap elementor-element-populated\">\n\t\t\t\t\t\t<div class=\"elementor-element elementor-element-f11b200 elementor-widget elementor-widget-image\" data-id=\"f11b200\" data-element_type=\"widget\" data-e-type=\"widget\" data-widget_type=\"image.default\">\n\t\t\t\t<div class=\"elementor-widget-container\">\n\t\t\t\t\t\t\t\t\t\t\t\t\t\t\t<img decoding=\"async\" width=\"1\" height=\"1\" src=\"https:\/\/andaluzademieles.com\/wp-content\/uploads\/2019\/04\/Recurso-2-1.svg\" class=\"attachment-thumbnail size-thumbnail wp-image-1301\" alt=\"\" \/>\t\t\t\t\t\t\t\t\t\t\t\t\t\t\t<\/div>\n\t\t\t\t<\/div>\n\t\t\t\t<div class=\"elementor-element elementor-element-7c0d37cc elementor-widget elementor-widget-heading\" data-id=\"7c0d37cc\" data-element_type=\"widget\" data-e-type=\"widget\" data-widget_type=\"heading.default\">\n\t\t\t\t<div class=\"elementor-widget-container\">\n\t\t\t\t\t<h1 class=\"elementor-heading-title elementor-size-default\">Doray Blossom Honey with cut combs<\/h1>\t\t\t\t<\/div>\n\t\t\t\t<\/div>\n\t\t\t\t<div class=\"elementor-element elementor-element-490a882c elementor-widget elementor-widget-heading\" data-id=\"490a882c\" data-element_type=\"widget\" data-e-type=\"widget\" data-widget_type=\"heading.default\">\n\t\t\t\t<div class=\"elementor-widget-container\">\n\t\t\t\t\t<h2 class=\"elementor-heading-title elementor-size-default\">500g Glass Jar<\/h2>\t\t\t\t<\/div>\n\t\t\t\t<\/div>\n\t\t\t\t<div class=\"elementor-element elementor-element-2965d0f7 elementor-widget elementor-widget-text-editor\" data-id=\"2965d0f7\" data-element_type=\"widget\" data-e-type=\"widget\" data-widget_type=\"text-editor.default\">\n\t\t\t\t<div class=\"elementor-widget-container\">\n\t\t\t\t\t\t\t\t\t<p><strong>The most exquisite combination: blossom honey with the best Doray brand quality including pieces of honeycomb extracted directly from the hive. A delicious product presented in a 500 grams glass container.<\/strong><\/p>\t\t\t\t\t\t\t\t<\/div>\n\t\t\t\t<\/div>\n\t\t\t\t<div class=\"elementor-element elementor-element-3e9e835 elementor-align-left elementor-mobile-align-center elementor-widget elementor-widget-button\" data-id=\"3e9e835\" data-element_type=\"widget\" data-e-type=\"widget\" data-widget_type=\"button.default\">\n\t\t\t\t<div class=\"elementor-widget-container\">\n\t\t\t\t\t\t\t\t\t<div class=\"elementor-button-wrapper\">\n\t\t\t\t\t<a class=\"elementor-button elementor-button-link elementor-size-sm\" href=\"https:\/\/andaluzademieles.com\/?page_id=100\">\n\t\t\t\t\t\t<span class=\"elementor-button-content-wrapper\">\n\t\t\t\t\t\t\t\t\t<span class=\"elementor-button-text\">Estoy interesado<\/span>\n\t\t\t\t\t<\/span>\n\t\t\t\t\t<\/a>\n\t\t\t\t<\/div>\n\t\t\t\t\t\t\t\t<\/div>\n\t\t\t\t<\/div>\n\t\t\t\t\t<\/div>\n\t\t<\/div>\n\t\t\t\t\t<\/div>\n\t\t<\/section>\n\t\t\t\t<section class=\"elementor-section elementor-top-section elementor-element elementor-element-20d5896 elementor-section-boxed elementor-section-height-default elementor-section-height-default\" data-id=\"20d5896\" data-element_type=\"section\" data-e-type=\"section\">\n\t\t\t\t\t\t<div class=\"elementor-container elementor-column-gap-default\">\n\t\t\t\t\t<div class=\"elementor-column elementor-col-100 elementor-top-column elementor-element elementor-element-439fb16\" data-id=\"439fb16\" data-element_type=\"column\" data-e-type=\"column\">\n\t\t\t<div class=\"elementor-widget-wrap elementor-element-populated\">\n\t\t\t\t\t\t<div class=\"elementor-element elementor-element-bc0dc4f elementor-widget elementor-widget-heading\" data-id=\"bc0dc4f\" data-element_type=\"widget\" data-e-type=\"widget\" data-widget_type=\"heading.default\">\n\t\t\t\t<div class=\"elementor-widget-container\">\n\t\t\t\t\t<h4 class=\"elementor-heading-title elementor-size-default\">Colecci\u00f3n mieles doray<\/h4>\t\t\t\t<\/div>\n\t\t\t\t<\/div>\n\t\t\t\t<div class=\"elementor-element elementor-element-a45f9c9 elementor-widget-divider--view-line elementor-widget elementor-widget-divider\" data-id=\"a45f9c9\" data-element_type=\"widget\" data-e-type=\"widget\" data-widget_type=\"divider.default\">\n\t\t\t\t<div class=\"elementor-widget-container\">\n\t\t\t\t\t\t\t<div class=\"elementor-divider\">\n\t\t\t<span class=\"elementor-divider-separator\">\n\t\t\t\t\t\t<\/span>\n\t\t<\/div>\n\t\t\t\t\t\t<\/div>\n\t\t\t\t<\/div>\n\t\t\t\t\t<\/div>\n\t\t<\/div>\n\t\t\t\t\t<\/div>\n\t\t<\/section>\n\t\t\t\t<section class=\"elementor-section elementor-top-section elementor-element elementor-element-9413d4d elementor-section-stretched elementor-section-full_width elementor-section-height-default elementor-section-height-default\" data-id=\"9413d4d\" data-element_type=\"section\" data-e-type=\"section\" data-settings=\"{&quot;stretch_section&quot;:&quot;section-stretched&quot;}\">\n\t\t\t\t\t\t<div class=\"elementor-container elementor-column-gap-default\">\n\t\t\t\t\t<div class=\"elementor-column elementor-col-100 elementor-top-column elementor-element elementor-element-4b8a498\" data-id=\"4b8a498\" data-element_type=\"column\" data-e-type=\"column\">\n\t\t\t<div class=\"elementor-widget-wrap elementor-element-populated\">\n\t\t\t\t\t\t<section class=\"elementor-section elementor-inner-section elementor-element elementor-element-4f2edc3 elementor-section-boxed elementor-section-height-default elementor-section-height-default\" data-id=\"4f2edc3\" data-element_type=\"section\" data-e-type=\"section\">\n\t\t\t\t\t\t<div class=\"elementor-container elementor-column-gap-default\">\n\t\t\t\t\t<div class=\"elementor-column elementor-col-100 elementor-inner-column elementor-element elementor-element-955f0f1\" data-id=\"955f0f1\" data-element_type=\"column\" data-e-type=\"column\">\n\t\t\t<div class=\"elementor-widget-wrap\">\n\t\t\t\t\t\t\t<\/div>\n\t\t<\/div>\n\t\t\t\t\t<\/div>\n\t\t<\/section>\n\t\t\t\t\t<\/div>\n\t\t<\/div>\n\t\t\t\t\t<\/div>\n\t\t<\/section>\n\t\t\t\t<section class=\"elementor-section elementor-top-section elementor-element elementor-element-543a4ae2 elementor-section-height-min-height elementor-section-stretched elementor-section-boxed elementor-section-height-default elementor-section-items-middle\" data-id=\"543a4ae2\" data-element_type=\"section\" data-e-type=\"section\" data-settings=\"{&quot;background_background&quot;:&quot;classic&quot;,&quot;stretch_section&quot;:&quot;section-stretched&quot;}\">\n\t\t\t\t\t\t<div class=\"elementor-container elementor-column-gap-default\">\n\t\t\t\t\t<div class=\"elementor-column elementor-col-100 elementor-top-column elementor-element elementor-element-3995438\" data-id=\"3995438\" data-element_type=\"column\" data-e-type=\"column\">\n\t\t\t<div class=\"elementor-widget-wrap elementor-element-populated\">\n\t\t\t\t\t\t<div class=\"elementor-element elementor-element-a31cd8b elementor-widget elementor-widget-heading\" data-id=\"a31cd8b\" data-element_type=\"widget\" data-e-type=\"widget\" data-widget_type=\"heading.default\">\n\t\t\t\t<div class=\"elementor-widget-container\">\n\t\t\t\t\t<h2 class=\"elementor-heading-title elementor-size-default\">\u00bfQuieres m\u00e1s informaci\u00f3n?<\/h2>\t\t\t\t<\/div>\n\t\t\t\t<\/div>\n\t\t\t\t<div class=\"elementor-element elementor-element-702f652b elementor-widget elementor-widget-text-editor\" data-id=\"702f652b\" data-element_type=\"widget\" data-e-type=\"widget\" data-widget_type=\"text-editor.default\">\n\t\t\t\t<div class=\"elementor-widget-container\">\n\t\t\t\t\t\t\t\t\t<p>Andaluza de Mieles es una empresa familiar localizada en Espartinas, a pocos kil\u00f3metros de la ciudad de Sevilla. Su actividad fundamental es el envasado de la miel (producto natural por excelencia de altas propiedades), pero tambi\u00e9n ampl\u00eda su oferta a todo tipo de derivados, como el polen, la jalea real o los productos cosm\u00e9ticos. \u00a1Desc\u00fabrelos!<\/p>\t\t\t\t\t\t\t\t<\/div>\n\t\t\t\t<\/div>\n\t\t\t\t<div class=\"elementor-element elementor-element-246db53c elementor-align-center elementor-widget elementor-widget-button\" data-id=\"246db53c\" data-element_type=\"widget\" data-e-type=\"widget\" data-widget_type=\"button.default\">\n\t\t\t\t<div class=\"elementor-widget-container\">\n\t\t\t\t\t\t\t\t\t<div class=\"elementor-button-wrapper\">\n\t\t\t\t\t<a class=\"elementor-button elementor-button-link elementor-size-sm\" href=\"https:\/\/andaluzademieles.com\/?page_id=100\">\n\t\t\t\t\t\t<span class=\"elementor-button-content-wrapper\">\n\t\t\t\t\t\t\t\t\t<span class=\"elementor-button-text\">Contacto<\/span>\n\t\t\t\t\t<\/span>\n\t\t\t\t\t<\/a>\n\t\t\t\t<\/div>\n\t\t\t\t\t\t\t\t<\/div>\n\t\t\t\t<\/div>\n\t\t\t\t\t<\/div>\n\t\t<\/div>\n\t\t\t\t\t<\/div>\n\t\t<\/section>\n\t\t\t\t<\/div>\n\t\t","protected":false},"excerpt":{"rendered":"<p>DORAY | honeycomb homey Doray Blossom Honey with cut combs 500g Glass Jar The most exquisite combination: blossom honey with the best Doray brand quality including pieces of honeycomb extracted directly from the hive. A delicious product presented in a 500 grams glass container. European Pallet American Pallet Units \/ Box 12 12 Gross weight [&hellip;]<\/p>\n","protected":false},"author":5,"featured_media":0,"parent":2475,"menu_order":0,"comment_status":"closed","ping_status":"closed","template":"","meta":{"site-sidebar-layout":"default","site-content-layout":"default","ast-site-content-layout":"default","site-content-style":"default","site-sidebar-style":"default","ast-global-header-display":"","ast-banner-title-visibility":"","ast-main-header-display":"","ast-hfb-above-header-display":"","ast-hfb-below-header-display":"","ast-hfb-mobile-header-display":"","site-post-title":"disabled","ast-breadcrumbs-content":"","ast-featured-img":"disabled","footer-sml-layout":"","ast-disable-related-posts":"","theme-transparent-header-meta":"default","adv-header-id-meta":"","stick-header-meta":"default","header-above-stick-meta":"","header-main-stick-meta":"","header-below-stick-meta":"","astra-migrate-meta-layouts":"default","ast-page-background-enabled":"default","ast-page-background-meta":{"desktop":{"background-color":"","background-image":"","background-repeat":"repeat","background-position":"center center","background-size":"auto","background-attachment":"scroll","background-type":"","background-media":"","overlay-type":"","overlay-color":"","overlay-opacity":"","overlay-gradient":""},"tablet":{"background-color":"","background-image":"","background-repeat":"repeat","background-position":"center center","background-size":"auto","background-attachment":"scroll","background-type":"","background-media":"","overlay-type":"","overlay-color":"","overlay-opacity":"","overlay-gradient":""},"mobile":{"background-color":"","background-image":"","background-repeat":"repeat","background-position":"center center","background-size":"auto","background-attachment":"scroll","background-type":"","background-media":"","overlay-type":"","overlay-color":"","overlay-opacity":"","overlay-gradient":""}},"ast-content-background-meta":{"desktop":{"background-color":"var(--ast-global-color-5)","background-image":"","background-repeat":"repeat","background-position":"center center","background-size":"auto","background-attachment":"scroll","background-type":"","background-media":"","overlay-type":"","overlay-color":"","overlay-opacity":"","overlay-gradient":""},"tablet":{"background-color":"var(--ast-global-color-5)","background-image":"","background-repeat":"repeat","background-position":"center center","background-size":"auto","background-attachment":"scroll","background-type":"","background-media":"","overlay-type":"","overlay-color":"","overlay-opacity":"","overlay-gradient":""},"mobile":{"background-color":"var(--ast-global-color-5)","background-image":"","background-repeat":"repeat","background-position":"center center","background-size":"auto","background-attachment":"scroll","background-type":"","background-media":"","overlay-type":"","overlay-color":"","overlay-opacity":"","overlay-gradient":""}},"footnotes":""},"class_list":["post-2548","page","type-page","status-publish","hentry"],"yoast_head":"<!-- This site is optimized with the Yoast SEO plugin v27.3 - https:\/\/yoast.com\/product\/yoast-seo-wordpress\/ -->\n<title>Blossom Honey with cut combs 500g Glass Jar - Andaluza de Mieles<\/title>\n<meta name=\"robots\" content=\"index, follow, max-snippet:-1, max-image-preview:large, max-video-preview:-1\" \/>\n<link rel=\"canonical\" href=\"https:\/\/andaluzademieles.com\/en\/doray-honey\/blossom-honey-with-cut-combs-500g-glass-jar\/\" \/>\n<meta property=\"og:locale\" content=\"en_US\" \/>\n<meta property=\"og:type\" content=\"article\" \/>\n<meta property=\"og:title\" content=\"Blossom Honey with cut combs 500g Glass Jar - Andaluza de Mieles\" \/>\n<meta property=\"og:description\" content=\"DORAY | honeycomb homey Doray Blossom Honey with cut combs 500g Glass Jar The most exquisite combination: blossom honey with the best Doray brand quality including pieces of honeycomb extracted directly from the hive. A delicious product presented in a 500 grams glass container. European Pallet American Pallet Units \/ Box 12 12 Gross weight [&hellip;]\" \/>\n<meta property=\"og:url\" content=\"https:\/\/andaluzademieles.com\/en\/doray-honey\/blossom-honey-with-cut-combs-500g-glass-jar\/\" \/>\n<meta property=\"og:site_name\" content=\"Andaluza de Mieles\" \/>\n<meta property=\"article:modified_time\" content=\"2020-06-19T11:56:01+00:00\" \/>\n<meta property=\"og:image\" content=\"https:\/\/andaluzademieles.com\/wp-content\/uploads\/2019\/07\/doray-miel-trozos-panal-500g-1.jpg\" \/>\n<meta name=\"twitter:card\" content=\"summary_large_image\" \/>\n<meta name=\"twitter:label1\" content=\"Est. reading time\" \/>\n\t<meta name=\"twitter:data1\" content=\"1 minute\" \/>\n<script type=\"application\/ld+json\" class=\"yoast-schema-graph\">{\"@context\":\"https:\\\/\\\/schema.org\",\"@graph\":[{\"@type\":\"WebPage\",\"@id\":\"https:\\\/\\\/andaluzademieles.com\\\/en\\\/doray-honey\\\/blossom-honey-with-cut-combs-500g-glass-jar\\\/\",\"url\":\"https:\\\/\\\/andaluzademieles.com\\\/en\\\/doray-honey\\\/blossom-honey-with-cut-combs-500g-glass-jar\\\/\",\"name\":\"Blossom Honey with cut combs 500g Glass Jar - Andaluza de Mieles\",\"isPartOf\":{\"@id\":\"https:\\\/\\\/andaluzademieles.com\\\/en\\\/#website\"},\"primaryImageOfPage\":{\"@id\":\"https:\\\/\\\/andaluzademieles.com\\\/en\\\/doray-honey\\\/blossom-honey-with-cut-combs-500g-glass-jar\\\/#primaryimage\"},\"image\":{\"@id\":\"https:\\\/\\\/andaluzademieles.com\\\/en\\\/doray-honey\\\/blossom-honey-with-cut-combs-500g-glass-jar\\\/#primaryimage\"},\"thumbnailUrl\":\"https:\\\/\\\/andaluzademieles.com\\\/wp-content\\\/uploads\\\/2019\\\/07\\\/doray-miel-trozos-panal-500g-1.jpg\",\"datePublished\":\"2020-06-17T20:52:48+00:00\",\"dateModified\":\"2020-06-19T11:56:01+00:00\",\"breadcrumb\":{\"@id\":\"https:\\\/\\\/andaluzademieles.com\\\/en\\\/doray-honey\\\/blossom-honey-with-cut-combs-500g-glass-jar\\\/#breadcrumb\"},\"inLanguage\":\"en-US\",\"potentialAction\":[{\"@type\":\"ReadAction\",\"target\":[\"https:\\\/\\\/andaluzademieles.com\\\/en\\\/doray-honey\\\/blossom-honey-with-cut-combs-500g-glass-jar\\\/\"]}]},{\"@type\":\"ImageObject\",\"inLanguage\":\"en-US\",\"@id\":\"https:\\\/\\\/andaluzademieles.com\\\/en\\\/doray-honey\\\/blossom-honey-with-cut-combs-500g-glass-jar\\\/#primaryimage\",\"url\":\"https:\\\/\\\/andaluzademieles.com\\\/wp-content\\\/uploads\\\/2019\\\/07\\\/doray-miel-trozos-panal-500g-1.jpg\",\"contentUrl\":\"https:\\\/\\\/andaluzademieles.com\\\/wp-content\\\/uploads\\\/2019\\\/07\\\/doray-miel-trozos-panal-500g-1.jpg\"},{\"@type\":\"BreadcrumbList\",\"@id\":\"https:\\\/\\\/andaluzademieles.com\\\/en\\\/doray-honey\\\/blossom-honey-with-cut-combs-500g-glass-jar\\\/#breadcrumb\",\"itemListElement\":[{\"@type\":\"ListItem\",\"position\":1,\"name\":\"Home\",\"item\":\"https:\\\/\\\/andaluzademieles.com\\\/en\\\/\"},{\"@type\":\"ListItem\",\"position\":2,\"name\":\"Doray Honey\",\"item\":\"https:\\\/\\\/andaluzademieles.com\\\/en\\\/doray-honey\\\/\"},{\"@type\":\"ListItem\",\"position\":3,\"name\":\"Blossom Honey with cut combs 500g Glass Jar\"}]},{\"@type\":\"WebSite\",\"@id\":\"https:\\\/\\\/andaluzademieles.com\\\/en\\\/#website\",\"url\":\"https:\\\/\\\/andaluzademieles.com\\\/en\\\/\",\"name\":\"Andaluza de Mieles\",\"description\":\"Envasamos miel\",\"publisher\":{\"@id\":\"https:\\\/\\\/andaluzademieles.com\\\/en\\\/#organization\"},\"potentialAction\":[{\"@type\":\"SearchAction\",\"target\":{\"@type\":\"EntryPoint\",\"urlTemplate\":\"https:\\\/\\\/andaluzademieles.com\\\/en\\\/?s={search_term_string}\"},\"query-input\":{\"@type\":\"PropertyValueSpecification\",\"valueRequired\":true,\"valueName\":\"search_term_string\"}}],\"inLanguage\":\"en-US\"},{\"@type\":\"Organization\",\"@id\":\"https:\\\/\\\/andaluzademieles.com\\\/en\\\/#organization\",\"name\":\"Andaluza de Mieles\",\"url\":\"https:\\\/\\\/andaluzademieles.com\\\/en\\\/\",\"logo\":{\"@type\":\"ImageObject\",\"inLanguage\":\"en-US\",\"@id\":\"https:\\\/\\\/andaluzademieles.com\\\/en\\\/#\\\/schema\\\/logo\\\/image\\\/\",\"url\":\"https:\\\/\\\/andaluzademieles.com\\\/wp-content\\\/uploads\\\/2019\\\/04\\\/Recurso-5-1.svg\",\"contentUrl\":\"https:\\\/\\\/andaluzademieles.com\\\/wp-content\\\/uploads\\\/2019\\\/04\\\/Recurso-5-1.svg\",\"width\":200,\"height\":150.780000000000001136868377216160297393798828125,\"caption\":\"Andaluza de Mieles\"},\"image\":{\"@id\":\"https:\\\/\\\/andaluzademieles.com\\\/en\\\/#\\\/schema\\\/logo\\\/image\\\/\"}}]}<\/script>\n<!-- \/ Yoast SEO plugin. -->","yoast_head_json":{"title":"Blossom Honey with cut combs 500g Glass Jar - Andaluza de Mieles","robots":{"index":"index","follow":"follow","max-snippet":"max-snippet:-1","max-image-preview":"max-image-preview:large","max-video-preview":"max-video-preview:-1"},"canonical":"https:\/\/andaluzademieles.com\/en\/doray-honey\/blossom-honey-with-cut-combs-500g-glass-jar\/","og_locale":"en_US","og_type":"article","og_title":"Blossom Honey with cut combs 500g Glass Jar - Andaluza de Mieles","og_description":"DORAY | honeycomb homey Doray Blossom Honey with cut combs 500g Glass Jar The most exquisite combination: blossom honey with the best Doray brand quality including pieces of honeycomb extracted directly from the hive. A delicious product presented in a 500 grams glass container. European Pallet American Pallet Units \/ Box 12 12 Gross weight [&hellip;]","og_url":"https:\/\/andaluzademieles.com\/en\/doray-honey\/blossom-honey-with-cut-combs-500g-glass-jar\/","og_site_name":"Andaluza de Mieles","article_modified_time":"2020-06-19T11:56:01+00:00","og_image":[{"url":"https:\/\/andaluzademieles.com\/wp-content\/uploads\/2019\/07\/doray-miel-trozos-panal-500g-1.jpg","type":"","width":"","height":""}],"twitter_card":"summary_large_image","twitter_misc":{"Est. reading time":"1 minute"},"schema":{"@context":"https:\/\/schema.org","@graph":[{"@type":"WebPage","@id":"https:\/\/andaluzademieles.com\/en\/doray-honey\/blossom-honey-with-cut-combs-500g-glass-jar\/","url":"https:\/\/andaluzademieles.com\/en\/doray-honey\/blossom-honey-with-cut-combs-500g-glass-jar\/","name":"Blossom Honey with cut combs 500g Glass Jar - Andaluza de Mieles","isPartOf":{"@id":"https:\/\/andaluzademieles.com\/en\/#website"},"primaryImageOfPage":{"@id":"https:\/\/andaluzademieles.com\/en\/doray-honey\/blossom-honey-with-cut-combs-500g-glass-jar\/#primaryimage"},"image":{"@id":"https:\/\/andaluzademieles.com\/en\/doray-honey\/blossom-honey-with-cut-combs-500g-glass-jar\/#primaryimage"},"thumbnailUrl":"https:\/\/andaluzademieles.com\/wp-content\/uploads\/2019\/07\/doray-miel-trozos-panal-500g-1.jpg","datePublished":"2020-06-17T20:52:48+00:00","dateModified":"2020-06-19T11:56:01+00:00","breadcrumb":{"@id":"https:\/\/andaluzademieles.com\/en\/doray-honey\/blossom-honey-with-cut-combs-500g-glass-jar\/#breadcrumb"},"inLanguage":"en-US","potentialAction":[{"@type":"ReadAction","target":["https:\/\/andaluzademieles.com\/en\/doray-honey\/blossom-honey-with-cut-combs-500g-glass-jar\/"]}]},{"@type":"ImageObject","inLanguage":"en-US","@id":"https:\/\/andaluzademieles.com\/en\/doray-honey\/blossom-honey-with-cut-combs-500g-glass-jar\/#primaryimage","url":"https:\/\/andaluzademieles.com\/wp-content\/uploads\/2019\/07\/doray-miel-trozos-panal-500g-1.jpg","contentUrl":"https:\/\/andaluzademieles.com\/wp-content\/uploads\/2019\/07\/doray-miel-trozos-panal-500g-1.jpg"},{"@type":"BreadcrumbList","@id":"https:\/\/andaluzademieles.com\/en\/doray-honey\/blossom-honey-with-cut-combs-500g-glass-jar\/#breadcrumb","itemListElement":[{"@type":"ListItem","position":1,"name":"Home","item":"https:\/\/andaluzademieles.com\/en\/"},{"@type":"ListItem","position":2,"name":"Doray Honey","item":"https:\/\/andaluzademieles.com\/en\/doray-honey\/"},{"@type":"ListItem","position":3,"name":"Blossom Honey with cut combs 500g Glass Jar"}]},{"@type":"WebSite","@id":"https:\/\/andaluzademieles.com\/en\/#website","url":"https:\/\/andaluzademieles.com\/en\/","name":"Andaluza de Mieles","description":"Envasamos miel","publisher":{"@id":"https:\/\/andaluzademieles.com\/en\/#organization"},"potentialAction":[{"@type":"SearchAction","target":{"@type":"EntryPoint","urlTemplate":"https:\/\/andaluzademieles.com\/en\/?s={search_term_string}"},"query-input":{"@type":"PropertyValueSpecification","valueRequired":true,"valueName":"search_term_string"}}],"inLanguage":"en-US"},{"@type":"Organization","@id":"https:\/\/andaluzademieles.com\/en\/#organization","name":"Andaluza de Mieles","url":"https:\/\/andaluzademieles.com\/en\/","logo":{"@type":"ImageObject","inLanguage":"en-US","@id":"https:\/\/andaluzademieles.com\/en\/#\/schema\/logo\/image\/","url":"https:\/\/andaluzademieles.com\/wp-content\/uploads\/2019\/04\/Recurso-5-1.svg","contentUrl":"https:\/\/andaluzademieles.com\/wp-content\/uploads\/2019\/04\/Recurso-5-1.svg","width":200,"height":150.780000000000001136868377216160297393798828125,"caption":"Andaluza de Mieles"},"image":{"@id":"https:\/\/andaluzademieles.com\/en\/#\/schema\/logo\/image\/"}}]}},"_links":{"self":[{"href":"https:\/\/andaluzademieles.com\/en\/wp-json\/wp\/v2\/pages\/2548","targetHints":{"allow":["GET"]}}],"collection":[{"href":"https:\/\/andaluzademieles.com\/en\/wp-json\/wp\/v2\/pages"}],"about":[{"href":"https:\/\/andaluzademieles.com\/en\/wp-json\/wp\/v2\/types\/page"}],"author":[{"embeddable":true,"href":"https:\/\/andaluzademieles.com\/en\/wp-json\/wp\/v2\/users\/5"}],"replies":[{"embeddable":true,"href":"https:\/\/andaluzademieles.com\/en\/wp-json\/wp\/v2\/comments?post=2548"}],"version-history":[{"count":6,"href":"https:\/\/andaluzademieles.com\/en\/wp-json\/wp\/v2\/pages\/2548\/revisions"}],"predecessor-version":[{"id":2878,"href":"https:\/\/andaluzademieles.com\/en\/wp-json\/wp\/v2\/pages\/2548\/revisions\/2878"}],"up":[{"embeddable":true,"href":"https:\/\/andaluzademieles.com\/en\/wp-json\/wp\/v2\/pages\/2475"}],"wp:attachment":[{"href":"https:\/\/andaluzademieles.com\/en\/wp-json\/wp\/v2\/media?parent=2548"}],"curies":[{"name":"wp","href":"https:\/\/api.w.org\/{rel}","templated":true}]}}